{"id":8,"date":"2024-12-25T22:48:21","date_gmt":"2024-12-26T01:48:21","guid":{"rendered":"https:\/\/kitchenettesembauru.com.br\/?page_id=8"},"modified":"2025-02-14T22:32:51","modified_gmt":"2025-02-15T01:32:51","slug":"pt","status":"publish","type":"page","link":"https:\/\/kitchenettesembauru.com.br\/","title":{"rendered":"Home &#8211; Portugu\u00eas"},"content":{"rendered":"\n<h1>\n\t\tKitchenettes em Bauru: Seguran\u00e7a, conforto e confian\u00e7a para seu pr\u00f3ximo lar\t\n<\/h1>\n\t<p>Oferecemos moradia de qualidade, com total transpar\u00eancia e praticidade.<\/p>\n\n<p>Temos op\u00e7\u00f5es para substituir fiador.<\/p>\n\t<!-- submit (eg. mailingboss) --> \n\t\t\t<a\t\t\thref=\"https:\/\/wa.me\/5514997113468\"\n\t\t\t\t\t\ttarget=\"_self\"\n\t\t\tclass=\"button__button\"\n\t\t\trole=\"button\">\n\t<!-- content -->\n\t<!-- icon before -->\n\t<!-- text -->\n\t\t\t\t\tDescubra  nossas op\u00e7\u00f5es de aluguel agora mesmo!\n\t<!-- icon after -->\n\t<\/a>\n\t\t\t\t    <img class=\"ba-cheetah-photo-img wp-image-26 size-full\"\n\t\t\t\tsrc=\"https:\/\/kitchenettesembauru.com.br\/wp-content\/uploads\/2024\/12\/Kitchenettes-em-Bauru-Seguranca-conforto-e-confianca-para-seu-proximo-lar.-8-1.png\"\n\t\t\t\talt=\"\"\n\t\t\t\t\t\t\t\titemprop=\"image\" \n\t\t\t\theight=\"838\" width=\"1086\" onerror=\"this.style.display='none'\" srcset=\"https:\/\/kitchenettesembauru.com.br\/wp-content\/uploads\/2024\/12\/Kitchenettes-em-Bauru-Seguranca-conforto-e-confianca-para-seu-proximo-lar.-8-1.png 1086w, https:\/\/kitchenettesembauru.com.br\/wp-content\/uploads\/2024\/12\/Kitchenettes-em-Bauru-Seguranca-conforto-e-confianca-para-seu-proximo-lar.-8-1-300x231.png 300w, https:\/\/kitchenettesembauru.com.br\/wp-content\/uploads\/2024\/12\/Kitchenettes-em-Bauru-Seguranca-conforto-e-confianca-para-seu-proximo-lar.-8-1-1024x790.png 1024w, https:\/\/kitchenettesembauru.com.br\/wp-content\/uploads\/2024\/12\/Kitchenettes-em-Bauru-Seguranca-conforto-e-confianca-para-seu-proximo-lar.-8-1-768x593.png 768w\" sizes=\"(max-width: 1086px) 100vw, 1086px\" \/>\n\t\t\t\t    <img class=\"ba-cheetah-photo-img wp-image-52 size-full\"\n\t\t\t\tsrc=\"https:\/\/kitchenettesembauru.com.br\/wp-content\/uploads\/2024\/12\/Kitchenettes-em-Bauru-Seguranca-conforto-e-confianca-para-seu-proximo-lar.-12.png\"\n\t\t\t\talt=\"\"\n\t\t\t\t\t\t\t\titemprop=\"image\" \n\t\t\t\theight=\"856\" width=\"990\" onerror=\"this.style.display='none'\" srcset=\"https:\/\/kitchenettesembauru.com.br\/wp-content\/uploads\/2024\/12\/Kitchenettes-em-Bauru-Seguranca-conforto-e-confianca-para-seu-proximo-lar.-12.png 990w, https:\/\/kitchenettesembauru.com.br\/wp-content\/uploads\/2024\/12\/Kitchenettes-em-Bauru-Seguranca-conforto-e-confianca-para-seu-proximo-lar.-12-300x259.png 300w, https:\/\/kitchenettesembauru.com.br\/wp-content\/uploads\/2024\/12\/Kitchenettes-em-Bauru-Seguranca-conforto-e-confianca-para-seu-proximo-lar.-12-768x664.png 768w\" sizes=\"(max-width: 990px) 100vw, 990px\" \/>\n<h1>\n\t\tSobre N\u00f3s\t\n<\/h1>\n\t<p>Por que escolher as Kitchenettes em Bauru?<\/p>\n\n\t<p>Somos um neg\u00f3cio comprometido com a seguran\u00e7a, conforto e credibilidade. Desde nossa funda\u00e7\u00e3o, temos ajudado estudantes e suas fam\u00edlias a encontrarem moradias pr\u00e1ticas, completas e em localiza\u00e7\u00f5es estrat\u00e9gicas.<\/p>\n<p>Nosso compromisso \u00e9 garantir que voc\u00ea tenha tranquilidade, seja para estudar ou trabalhar.<\/p>\n<h1>\n\t\to que oferecemos\t\n<\/h1>\n\t<p>Kitchenettes completas e prontas para morar.<\/p>\n\t\t\t\t    <img class=\"ba-cheetah-photo-img wp-image-21 size-full\"\n\t\t\t\tsrc=\"https:\/\/kitchenettesembauru.com.br\/wp-content\/uploads\/2024\/12\/Kitchenettes-em-Bauru-Seguranca-conforto-e-confianca-para-seu-proximo-lar.-3.png\"\n\t\t\t\talt=\"\"\n\t\t\t\t\t\t\t\titemprop=\"image\" \n\t\t\t\theight=\"153\" width=\"984\" onerror=\"this.style.display='none'\" srcset=\"https:\/\/kitchenettesembauru.com.br\/wp-content\/uploads\/2024\/12\/Kitchenettes-em-Bauru-Seguranca-conforto-e-confianca-para-seu-proximo-lar.-3.png 984w, https:\/\/kitchenettesembauru.com.br\/wp-content\/uploads\/2024\/12\/Kitchenettes-em-Bauru-Seguranca-conforto-e-confianca-para-seu-proximo-lar.-3-300x47.png 300w, https:\/\/kitchenettesembauru.com.br\/wp-content\/uploads\/2024\/12\/Kitchenettes-em-Bauru-Seguranca-conforto-e-confianca-para-seu-proximo-lar.-3-768x119.png 768w\" sizes=\"(max-width: 984px) 100vw, 984px\" \/>\n\t\t\t\t    <img class=\"ba-cheetah-photo-img wp-image-20 size-full\"\n\t\t\t\tsrc=\"https:\/\/kitchenettesembauru.com.br\/wp-content\/uploads\/2024\/12\/Kitchenettes-em-Bauru-Seguranca-conforto-e-confianca-para-seu-proximo-lar.-4.png\"\n\t\t\t\talt=\"\"\n\t\t\t\t\t\t\t\titemprop=\"image\" \n\t\t\t\theight=\"153\" width=\"572\" onerror=\"this.style.display='none'\" srcset=\"https:\/\/kitchenettesembauru.com.br\/wp-content\/uploads\/2024\/12\/Kitchenettes-em-Bauru-Seguranca-conforto-e-confianca-para-seu-proximo-lar.-4.png 572w, https:\/\/kitchenettesembauru.com.br\/wp-content\/uploads\/2024\/12\/Kitchenettes-em-Bauru-Seguranca-conforto-e-confianca-para-seu-proximo-lar.-4-300x80.png 300w\" sizes=\"(max-width: 572px) 100vw, 572px\" \/>\n\t\t\t\t    <img class=\"ba-cheetah-photo-img wp-image-19 size-full\"\n\t\t\t\tsrc=\"https:\/\/kitchenettesembauru.com.br\/wp-content\/uploads\/2024\/12\/Kitchenettes-em-Bauru-Seguranca-conforto-e-confianca-para-seu-proximo-lar.-5.png\"\n\t\t\t\talt=\"\"\n\t\t\t\t\t\t\t\titemprop=\"image\" \n\t\t\t\theight=\"153\" width=\"666\" onerror=\"this.style.display='none'\" srcset=\"https:\/\/kitchenettesembauru.com.br\/wp-content\/uploads\/2024\/12\/Kitchenettes-em-Bauru-Seguranca-conforto-e-confianca-para-seu-proximo-lar.-5.png 666w, https:\/\/kitchenettesembauru.com.br\/wp-content\/uploads\/2024\/12\/Kitchenettes-em-Bauru-Seguranca-conforto-e-confianca-para-seu-proximo-lar.-5-300x69.png 300w\" sizes=\"(max-width: 666px) 100vw, 666px\" \/>\n<h1>\n\t\tLocaliza\u00e7\u00e3o Estrat\u00e9gica\t\n<\/h1>\n\t<p>Sempre perto do que voc\u00ea precisa.<\/p>\n\t<p>Nossas unidades est\u00e3o pr\u00f3ximas a:<\/p>\n<p>&nbsp;<\/p>\n<ul>\n<li>Supermercados (Confian\u00e7a Na\u00e7\u00f5es e Confian\u00e7a Flex).<\/li>\n<li>Pontos de \u00f4nibus diretos para as universidades (Unip e Unesp).<\/li>\n<li>Galerias de lojas e conveni\u00eancias.<\/li>\n<\/ul>\n\t\t\t\t    <img class=\"ba-cheetah-photo-img wp-image-53 size-full\"\n\t\t\t\tsrc=\"https:\/\/kitchenettesembauru.com.br\/wp-content\/uploads\/2024\/12\/Kitchenettes-em-Bauru-Seguranca-conforto-e-confianca-para-seu-proximo-lar.-13.png\"\n\t\t\t\talt=\"\"\n\t\t\t\t\t\t\t\titemprop=\"image\" \n\t\t\t\theight=\"988\" width=\"1209\" onerror=\"this.style.display='none'\" srcset=\"https:\/\/kitchenettesembauru.com.br\/wp-content\/uploads\/2024\/12\/Kitchenettes-em-Bauru-Seguranca-conforto-e-confianca-para-seu-proximo-lar.-13.png 1209w, https:\/\/kitchenettesembauru.com.br\/wp-content\/uploads\/2024\/12\/Kitchenettes-em-Bauru-Seguranca-conforto-e-confianca-para-seu-proximo-lar.-13-300x245.png 300w, https:\/\/kitchenettesembauru.com.br\/wp-content\/uploads\/2024\/12\/Kitchenettes-em-Bauru-Seguranca-conforto-e-confianca-para-seu-proximo-lar.-13-1024x837.png 1024w, https:\/\/kitchenettesembauru.com.br\/wp-content\/uploads\/2024\/12\/Kitchenettes-em-Bauru-Seguranca-conforto-e-confianca-para-seu-proximo-lar.-13-768x628.png 768w\" sizes=\"(max-width: 1209px) 100vw, 1209px\" \/>\n\t<p>Mais que uma moradia, uma escolha estrat\u00e9gica para quem valoriza praticidade.<\/p>\n\t<iframe src=\"https:\/\/maps.google.com\/maps?z=15&#038;t=m&#038;q=Jos%C3%A9+Carlos+Gebara%2C+Bauru&#038;output=embed\"title=\"Jos\u00e9 Carlos Gebara, Bauru\"aria-label=\"Jos\u00e9 Carlos Gebara, Bauru\"frameborder=\"0\"scrolling=\"no\"marginheight=\"0\"marginwidth=\"0\"width=\"100%\"height=\"100%\"style=\"border:0\"loading=\"lazy\"allowfullscreen=\"1\"><\/iframe>\n\t<iframe src=\"https:\/\/maps.google.com\/maps?z=15&#038;t=m&#038;q=R.+Nicanor+Del+Masso%2C+6-38%2C+Bauru&#038;output=embed\"title=\"R. Nicanor Del Masso, 6-38, Bauru\"aria-label=\"R. Nicanor Del Masso, 6-38, Bauru\"frameborder=\"0\"scrolling=\"no\"marginheight=\"0\"marginwidth=\"0\"width=\"100%\"height=\"100%\"style=\"border:0\"loading=\"lazy\"allowfullscreen=\"1\"><\/iframe>\n\t<iframe src=\"https:\/\/maps.google.com\/maps?z=15&#038;t=m&#038;q=Rua+Padre+Jo%C3%A3o%2C+15-82%2C+Bauru&#038;output=embed\"title=\"Rua Padre Jo\u00e3o, 15-82, Bauru\"aria-label=\"Rua Padre Jo\u00e3o, 15-82, Bauru\"frameborder=\"0\"scrolling=\"no\"marginheight=\"0\"marginwidth=\"0\"width=\"100%\"height=\"100%\"style=\"border:0\"loading=\"lazy\"allowfullscreen=\"1\"><\/iframe>\n\t<iframe src=\"https:\/\/maps.google.com\/maps?z=15&#038;t=m&#038;q=Travessa+Constante+Perroca%2C+1-37%2C+Bauru&#038;output=embed\"title=\"Travessa Constante Perroca, 1-37, Bauru\"aria-label=\"Travessa Constante Perroca, 1-37, Bauru\"frameborder=\"0\"scrolling=\"no\"marginheight=\"0\"marginwidth=\"0\"width=\"100%\"height=\"100%\"style=\"border:0\"loading=\"lazy\"allowfullscreen=\"1\"><\/iframe>\n<h2>\n\t\tCompromisso com a Transpar\u00eancia\t\n<\/h2>\n\t<p>Confian\u00e7a para pais e estudantes.<\/p>\n\t<p>Sabemos que a idoneidade \u00e9 uma preocupa\u00e7\u00e3o importante. Por isso, nas Kitchenettes em Bauru, garantimos:<\/p>\n<ul>\n<li>Contrato claro e sem surpresas.<\/li>\n<li>Temos op\u00e7\u00f5es para substituir fiador.<\/li>\n<li>Atendimento profissional e suporte em todas as etapas.<\/li>\n<\/ul>\n<p>Nosso objetivo \u00e9 oferecer mais que uma loca\u00e7\u00e3o: \u00e9 construir confian\u00e7a e tranquilidade para todos os envolvidos.<\/p>\n<h1>\n\t\tO que esperar\t\n<\/h1>\n\t<p>O que nossos clientes podem esperar das Kitchenettes em Bauru?<\/p>\n\t<ul>\n\t\t\t\t\t<li>\n\t\t\t\t\t<p>Imagine morar em um lugar seguro, pr\u00f3ximo \u00e0 universidade e com tudo o que precisa para se concentrar nos estudos. \u00c9 isso que oferecemos em nossas kitchenettes.<\/p>\t\t\t<\/li>\n\t\t\t<li><hr \/><\/li>\n\t\t\t\t\t<li>\n\t\t\t\t\t<p>Voc\u00ea chega em Bauru, encontra uma kitchenette pronta para morar, semi-mobiliada e a poucos passos de supermercados e transporte. \u00c9 a solu\u00e7\u00e3o ideal para quem busca praticidade.<\/p>\t\t\t<\/li>\n\t\t\t<li><hr \/><\/li>\n\t\t\t\t\t<li>\n\t\t\t\t\t<p>Garantimos tranquilidade: um lugar confort\u00e1vel, bem localizado e com um processo simples e confi\u00e1vel de loca\u00e7\u00e3o.<\/p>\t\t\t<\/li>\n\t\t\t<li><hr \/><\/li>\n\t\t\t\t\t<li>\n\t\t\t\t\t<p>Nossas kitchenettes s\u00e3o perfeitas para quem busca um lar pr\u00e1tico, com mobili\u00e1rio essencial e localiza\u00e7\u00e3o estrat\u00e9gica. Mais conforto, menos preocupa\u00e7\u00f5es.<\/p>\t\t\t<\/li>\n\t\t\t<li><hr \/><\/li>\n\t\t\t\t\t<li>\n\t\t\t\t\t<p>Estudantes que escolhem nossas kitchenettes t\u00eam tudo \u00e0 m\u00e3o: transporte, com\u00e9rcio e um lar pronto para morar, pensado para facilitar a rotina universit\u00e1ria.<\/p>\t\t\t<\/li>\n\t\t\t<li><hr \/><\/li>\n\t\t\t<\/ul>\n<h1>\n\t\tIdiomas e Inclus\u00e3o Internacional\t\n<\/h1>\n\t<p>Acolhendo a diversidade com comunica\u00e7\u00e3o clara.<\/p>\n\t\t\t\t    <a href=\"https:\/\/kitchenettesembauru.com.br\/?page_id=96\"\n               target=\"_self\"\n\t\t\t   itemprop=\"url\"\n               data-link-type=\"url\"\n               data-caption=\"Ingl\u00eas - EN\"\n               data-title=\"Kitchenettes em Bauru Seguran\u00e7a, conforto e confian\u00e7a para seu pr\u00f3ximo lar.\"\n\t\t\t                  data-description=\"\">\n\t\t\t\t    <img class=\"ba-cheetah-photo-img wp-image-14 size-thumbnail\"\n\t\t\t\tsrc=\"https:\/\/kitchenettesembauru.com.br\/wp-content\/uploads\/2024\/12\/Kitchenettes-em-Bauru-Seguranca-conforto-e-confianca-para-seu-proximo-lar-150x150.png\"\n\t\t\t\talt=\"Ingl\u00eas - EN\"\n\t\t\t\t\t\t\t\titemprop=\"image\" \n\t\t\t\theight=\"150\" width=\"150\" onerror=\"this.style.display='none'\" srcset=\"https:\/\/kitchenettesembauru.com.br\/wp-content\/uploads\/2024\/12\/Kitchenettes-em-Bauru-Seguranca-conforto-e-confianca-para-seu-proximo-lar-150x150.png 150w, https:\/\/kitchenettesembauru.com.br\/wp-content\/uploads\/2024\/12\/Kitchenettes-em-Bauru-Seguranca-conforto-e-confianca-para-seu-proximo-lar.png 256w\" sizes=\"(max-width: 150px) 100vw, 150px\" \/>\n\t\t\t\t    <\/a>\n\t\t    Ingl\u00eas &#8211; EN\n\t\t\t\t    <a href=\"https:\/\/kitchenettesembauru.com.br\/\"\n               target=\"_self\"\n\t\t\t   itemprop=\"url\"\n               data-link-type=\"url\"\n               data-caption=\"Portugu\u00eas - BR\"\n               data-title=\"Kitchenettes em Bauru Seguran\u00e7a, conforto e confian\u00e7a para seu pr\u00f3ximo lar. (1)\"\n\t\t\t                  data-description=\"\">\n\t\t\t\t    <img class=\"ba-cheetah-photo-img wp-image-16 size-thumbnail\"\n\t\t\t\tsrc=\"https:\/\/kitchenettesembauru.com.br\/wp-content\/uploads\/2024\/12\/Kitchenettes-em-Bauru-Seguranca-conforto-e-confianca-para-seu-proximo-lar.-1-150x150.png\"\n\t\t\t\talt=\"Portugu\u00eas - BR\"\n\t\t\t\t\t\t\t\titemprop=\"image\" \n\t\t\t\theight=\"150\" width=\"150\" onerror=\"this.style.display='none'\" srcset=\"https:\/\/kitchenettesembauru.com.br\/wp-content\/uploads\/2024\/12\/Kitchenettes-em-Bauru-Seguranca-conforto-e-confianca-para-seu-proximo-lar.-1-150x150.png 150w, https:\/\/kitchenettesembauru.com.br\/wp-content\/uploads\/2024\/12\/Kitchenettes-em-Bauru-Seguranca-conforto-e-confianca-para-seu-proximo-lar.-1.png 256w\" sizes=\"(max-width: 150px) 100vw, 150px\" \/>\n\t\t\t\t    <\/a>\n\t\t    Portugu\u00eas &#8211; BR\n\t\t\t\t    <a href=\"https:\/\/kitchenettesembauru.com.br\/?page_id=98\"\n               target=\"_self\"\n\t\t\t   itemprop=\"url\"\n               data-link-type=\"url\"\n               data-caption=\"Espanhol - ES\"\n               data-title=\"Kitchenettes em Bauru Seguran\u00e7a, conforto e confian\u00e7a para seu pr\u00f3ximo lar. (2)\"\n\t\t\t                  data-description=\"\">\n\t\t\t\t    <img class=\"ba-cheetah-photo-img wp-image-15 size-thumbnail\"\n\t\t\t\tsrc=\"https:\/\/kitchenettesembauru.com.br\/wp-content\/uploads\/2024\/12\/Kitchenettes-em-Bauru-Seguranca-conforto-e-confianca-para-seu-proximo-lar.-2-150x150.png\"\n\t\t\t\talt=\"Espanhol - ES\"\n\t\t\t\t\t\t\t\titemprop=\"image\" \n\t\t\t\theight=\"150\" width=\"150\" onerror=\"this.style.display='none'\" srcset=\"https:\/\/kitchenettesembauru.com.br\/wp-content\/uploads\/2024\/12\/Kitchenettes-em-Bauru-Seguranca-conforto-e-confianca-para-seu-proximo-lar.-2-150x150.png 150w, https:\/\/kitchenettesembauru.com.br\/wp-content\/uploads\/2024\/12\/Kitchenettes-em-Bauru-Seguranca-conforto-e-confianca-para-seu-proximo-lar.-2.png 256w\" sizes=\"(max-width: 150px) 100vw, 150px\" \/>\n\t\t\t\t    <\/a>\n\t\t    Espanhol &#8211; ES\n\t<p>Atendemos em portugu\u00eas, ingl\u00eas e espanhol, facilitando o processo para estudantes estrangeiros e suas fam\u00edlias. Estamos prontos para ajudar, independentemente do idioma.<\/p>\n<h1>\n\t\tcomo Funciona\t\n<\/h1>\n\t\t\t\t    <img class=\"ba-cheetah-photo-img wp-image-58 size-full\"\n\t\t\t\tsrc=\"https:\/\/kitchenettesembauru.com.br\/wp-content\/uploads\/2024\/12\/Kitchenettes-em-Bauru-Seguranca-conforto-e-confianca-para-seu-proximo-lar.-14.png\"\n\t\t\t\talt=\"\"\n\t\t\t\t\t\t\t\titemprop=\"image\" \n\t\t\t\theight=\"436\" width=\"439\" onerror=\"this.style.display='none'\" srcset=\"https:\/\/kitchenettesembauru.com.br\/wp-content\/uploads\/2024\/12\/Kitchenettes-em-Bauru-Seguranca-conforto-e-confianca-para-seu-proximo-lar.-14.png 439w, https:\/\/kitchenettesembauru.com.br\/wp-content\/uploads\/2024\/12\/Kitchenettes-em-Bauru-Seguranca-conforto-e-confianca-para-seu-proximo-lar.-14-300x298.png 300w, https:\/\/kitchenettesembauru.com.br\/wp-content\/uploads\/2024\/12\/Kitchenettes-em-Bauru-Seguranca-conforto-e-confianca-para-seu-proximo-lar.-14-150x150.png 150w\" sizes=\"(max-width: 439px) 100vw, 439px\" \/>\n\t<p>Entre em contato conosco pelo WhatsApp ou e-mail.<\/p>\n\t\t\t\t    <img class=\"ba-cheetah-photo-img wp-image-57 size-full\"\n\t\t\t\tsrc=\"https:\/\/kitchenettesembauru.com.br\/wp-content\/uploads\/2024\/12\/Kitchenettes-em-Bauru-Seguranca-conforto-e-confianca-para-seu-proximo-lar.-15.png\"\n\t\t\t\talt=\"\"\n\t\t\t\t\t\t\t\titemprop=\"image\" \n\t\t\t\theight=\"453\" width=\"424\" onerror=\"this.style.display='none'\" srcset=\"https:\/\/kitchenettesembauru.com.br\/wp-content\/uploads\/2024\/12\/Kitchenettes-em-Bauru-Seguranca-conforto-e-confianca-para-seu-proximo-lar.-15.png 424w, https:\/\/kitchenettesembauru.com.br\/wp-content\/uploads\/2024\/12\/Kitchenettes-em-Bauru-Seguranca-conforto-e-confianca-para-seu-proximo-lar.-15-281x300.png 281w\" sizes=\"(max-width: 424px) 100vw, 424px\" \/>\n\t<p>Agende uma visita \u00e0s nossas unidades.<\/p>\n\t\t\t\t    <img class=\"ba-cheetah-photo-img wp-image-56 size-full\"\n\t\t\t\tsrc=\"https:\/\/kitchenettesembauru.com.br\/wp-content\/uploads\/2024\/12\/Kitchenettes-em-Bauru-Seguranca-conforto-e-confianca-para-seu-proximo-lar.-16.png\"\n\t\t\t\talt=\"\"\n\t\t\t\t\t\t\t\titemprop=\"image\" \n\t\t\t\theight=\"443\" width=\"426\" onerror=\"this.style.display='none'\" srcset=\"https:\/\/kitchenettesembauru.com.br\/wp-content\/uploads\/2024\/12\/Kitchenettes-em-Bauru-Seguranca-conforto-e-confianca-para-seu-proximo-lar.-16.png 426w, https:\/\/kitchenettesembauru.com.br\/wp-content\/uploads\/2024\/12\/Kitchenettes-em-Bauru-Seguranca-conforto-e-confianca-para-seu-proximo-lar.-16-288x300.png 288w\" sizes=\"(max-width: 426px) 100vw, 426px\" \/>\n\t<p>Escolha a op\u00e7\u00e3o que mais combina com voc\u00ea.<\/p>\n\t\t\t\t    <img class=\"ba-cheetah-photo-img wp-image-55 size-full\"\n\t\t\t\tsrc=\"https:\/\/kitchenettesembauru.com.br\/wp-content\/uploads\/2024\/12\/Kitchenettes-em-Bauru-Seguranca-conforto-e-confianca-para-seu-proximo-lar.-17.png\"\n\t\t\t\talt=\"\"\n\t\t\t\t\t\t\t\titemprop=\"image\" \n\t\t\t\theight=\"421\" width=\"455\" onerror=\"this.style.display='none'\" srcset=\"https:\/\/kitchenettesembauru.com.br\/wp-content\/uploads\/2024\/12\/Kitchenettes-em-Bauru-Seguranca-conforto-e-confianca-para-seu-proximo-lar.-17.png 455w, https:\/\/kitchenettesembauru.com.br\/wp-content\/uploads\/2024\/12\/Kitchenettes-em-Bauru-Seguranca-conforto-e-confianca-para-seu-proximo-lar.-17-300x278.png 300w\" sizes=\"(max-width: 455px) 100vw, 455px\" \/>\n\t<p>Finalize o contrato com total transpar\u00eancia.<\/p>\n\t<!-- submit (eg. mailingboss) --> \n\t\t\t<a\t\t\thref=\"https:\/\/wa.me\/5514997113468\"\n\t\t\t\t\t\ttarget=\"_self\"\n\t\t\tclass=\"button__button\"\n\t\t\trole=\"button\">\n\t<!-- content -->\n\t<!-- icon before -->\n\t<!-- text -->\n\t\t\t\t\tFale Conosco Pelo WhatsApp\n\t<!-- icon after -->\n\t<\/a>\n\n","protected":false},"excerpt":{"rendered":"<p>Kitchenettes em Bauru: Seguran\u00e7a, conforto e confian\u00e7a para seu pr\u00f3ximo lar Oferecemos moradia de qualidade, com total transpar\u00eancia e praticidade. Temos op\u00e7\u00f5es para substituir fiador. Descubra nossas op\u00e7\u00f5es de aluguel agora mesmo! Sobre N\u00f3s Por que escolher as Kitchenettes em Bauru? Somos um neg\u00f3cio comprometido com a seguran\u00e7a, conforto e credibilidade. Desde nossa funda\u00e7\u00e3o, temos [&hellip;]<\/p>\n","protected":false},"author":1,"featured_media":0,"parent":0,"menu_order":0,"comment_status":"closed","ping_status":"closed","template":"ba-cheetah-canvas-template","meta":{"footnotes":""},"class_list":["post-8","page","type-page","status-publish","hentry"],"_links":{"self":[{"href":"https:\/\/kitchenettesembauru.com.br\/index.php?rest_route=\/wp\/v2\/pages\/8","targetHints":{"allow":["GET"]}}],"collection":[{"href":"https:\/\/kitchenettesembauru.com.br\/index.php?rest_route=\/wp\/v2\/pages"}],"about":[{"href":"https:\/\/kitchenettesembauru.com.br\/index.php?rest_route=\/wp\/v2\/types\/page"}],"author":[{"embeddable":true,"href":"https:\/\/kitchenettesembauru.com.br\/index.php?rest_route=\/wp\/v2\/users\/1"}],"replies":[{"embeddable":true,"href":"https:\/\/kitchenettesembauru.com.br\/index.php?rest_route=%2Fwp%2Fv2%2Fcomments&post=8"}],"version-history":[{"count":34,"href":"https:\/\/kitchenettesembauru.com.br\/index.php?rest_route=\/wp\/v2\/pages\/8\/revisions"}],"predecessor-version":[{"id":190,"href":"https:\/\/kitchenettesembauru.com.br\/index.php?rest_route=\/wp\/v2\/pages\/8\/revisions\/190"}],"wp:attachment":[{"href":"https:\/\/kitchenettesembauru.com.br\/index.php?rest_route=%2Fwp%2Fv2%2Fmedia&parent=8"}],"curies":[{"name":"wp","href":"https:\/\/api.w.org\/{rel}","templated":true}]}}